{"id":989025,"date":"2026-04-13T12:30:45","date_gmt":"2026-04-13T09:30:45","guid":{"rendered":"https:\/\/mutlulugusansabirakma.com\/?page_id=989025"},"modified":"2026-04-13T12:56:54","modified_gmt":"2026-04-13T09:56:54","slug":"kendimle-bagimi-kaybettim","status":"publish","type":"page","link":"https:\/\/mutlulugusansabirakma.com\/en\/su-an-ihtiyacin-olan\/kendimle-bagimi-kaybettim\/","title":{"rendered":"Kendimle Ba\u011f\u0131m\u0131 Kaybettim"},"content":{"rendered":"\t\t<div data-elementor-type=\"wp-page\" data-elementor-id=\"989025\" class=\"elementor elementor-989025\" data-elementor-post-type=\"page\">\n\t\t\t\t<div class=\"elementor-element elementor-element-4ce4f3d e-con-full e-flex e-con e-child\" data-id=\"4ce4f3d\" data-element_type=\"container\" data-e-type=\"container\" data-settings=\"{&quot;background_background&quot;:&quot;gradient&quot;}\">\n\t\t\t\t<\/div>\n\t\t<div class=\"elementor-element elementor-element-4291f599 e-flex e-con-boxed e-con e-parent\" data-id=\"4291f599\" data-element_type=\"container\" data-e-type=\"container\">\n\t\t\t\t\t<div class=\"e-con-inner\">\n\t\t\t\t<div class=\"vamtam-has-theme-widget-styles elementor-element elementor-element-2eb90e6b elementor-widget elementor-widget-text-editor\" data-id=\"2eb90e6b\" data-element_type=\"widget\" data-e-type=\"widget\" data-widget_type=\"text-editor.default\">\n\t\t\t\t<div class=\"elementor-widget-container\">\n\t\t\t\t\t\t\t\t\t\n<p><\/p>\n\n\n\n<p><\/p>\n\t\t\t\t\t\t\t\t<\/div>\n\t\t\t\t<\/div>\n\t\t\t\t\t<\/div>\n\t\t\t\t<\/div>\n\t\t<div class=\"elementor-element elementor-element-ebf9c48 e-flex e-con-boxed e-con e-child\" data-id=\"ebf9c48\" data-element_type=\"container\" data-e-type=\"container\">\n\t\t\t\t\t<div class=\"e-con-inner\">\n\t\t<div class=\"elementor-element elementor-element-54af07f e-con-full e-flex e-con e-child\" data-id=\"54af07f\" data-element_type=\"container\" data-e-type=\"container\">\n\t\t<div class=\"elementor-element elementor-element-34fbfd9 e-con-full animated-fast e-flex elementor-invisible e-con e-child\" data-id=\"34fbfd9\" data-element_type=\"container\" data-e-type=\"container\" data-settings=\"{&quot;animation&quot;:&quot;fadeIn&quot;,&quot;animation_delay&quot;:100}\">\n\t\t\t\t<div class=\"vamtam-has-theme-widget-styles elementor-element elementor-element-0a54785 animated-fast elementor-view-default elementor-invisible elementor-widget elementor-widget-icon\" data-id=\"0a54785\" data-element_type=\"widget\" data-e-type=\"widget\" data-settings=\"{&quot;_animation&quot;:&quot;fadeIn&quot;,&quot;_animation_delay&quot;:0}\" data-widget_type=\"icon.default\">\n\t\t\t\t<div class=\"elementor-widget-container\">\n\t\t\t\t\t\t\t<div class=\"elementor-icon-wrapper\">\n\t\t\t<div class=\"elementor-icon\">\n\t\t\t<i aria-hidden=\"true\" class=\"vamtamtheme- vamtam-theme-logo-symbol\"><\/i>\t\t\t<\/div>\n\t\t<\/div>\n\t\t\t\t\t\t<\/div>\n\t\t\t\t<\/div>\n\t\t\t\t<div class=\"vamtam-has-theme-widget-styles elementor-element elementor-element-3958695 animated-fast elementor-invisible elementor-widget elementor-widget-heading\" data-id=\"3958695\" data-element_type=\"widget\" data-e-type=\"widget\" data-settings=\"{&quot;_animation&quot;:&quot;fadeIn&quot;,&quot;_animation_delay&quot;:50}\" data-widget_type=\"heading.default\">\n\t\t\t\t<div class=\"elementor-widget-container\">\n\t\t\t\t\t<h2 class=\"elementor-heading-title elementor-size-default\">KEND\u0130MLE BA\u011eIMI KAYBETT\u0130M <\/h2>\t\t\t\t<\/div>\n\t\t\t\t<\/div>\n\t\t\t\t<div class=\"vamtam-has-theme-widget-styles elementor-element elementor-element-cb550fc animated-fast elementor-invisible elementor-widget elementor-widget-heading\" data-id=\"cb550fc\" data-element_type=\"widget\" data-e-type=\"widget\" data-settings=\"{&quot;_animation_delay&quot;:100,&quot;_animation&quot;:&quot;fadeIn&quot;}\" data-widget_type=\"heading.default\">\n\t\t\t\t<div class=\"elementor-widget-container\">\n\t\t\t\t\t<span class=\"elementor-heading-title elementor-size-default\">Kendine yeniden yakla\u015fmak m\u00fcmk\u00fcn m\u00fc?<\/span>\t\t\t\t<\/div>\n\t\t\t\t<\/div>\n\t\t\t\t<div class=\"vamtam-has-theme-widget-styles elementor-element elementor-element-4ae4fe5 animated-fast elementor-invisible elementor-widget elementor-widget-text-editor\" data-id=\"4ae4fe5\" data-element_type=\"widget\" data-e-type=\"widget\" data-settings=\"{&quot;_animation&quot;:&quot;fadeIn&quot;,&quot;_animation_delay&quot;:150}\" data-widget_type=\"text-editor.default\">\n\t\t\t\t<div class=\"elementor-widget-container\">\n\t\t\t\t\t\t\t\t\t<p>Bazen hayat\u0131n i\u00e7inde akarken, kendimizden yava\u015f yava\u015f uzakla\u015f\u0131r\u0131z.<\/p>\n<p>Ne hissetti\u011fimizi bilemez, i\u00e7 sesimizi duymakta zorlan\u0131r\u0131z.<\/p>\n<p>Ama o ba\u011f hi\u00e7bir zaman tamamen kaybolmaz.<\/p>\n<p>Sadece hat\u0131rlanmay\u0131 bekler.<\/p>\n<p><strong>\ud83c\udf3f Kendine ba\u011flant\u0131da, daha anda, daha ak\u0131\u015fta kalabilmek i\u00e7in <\/strong>bu alanlar\u0131 ke\u015ffedebilirsin:<\/p>\t\t\t\t\t\t\t\t<\/div>\n\t\t\t\t<\/div>\n\t\t\t\t<\/div>\n\t\t<div class=\"elementor-element elementor-element-c5218bb e-con-full e-flex e-con e-child\" data-id=\"c5218bb\" data-element_type=\"container\" data-e-type=\"container\">\n\t\t<div class=\"elementor-element elementor-element-e94e4ef e-con-full e-flex e-con e-child\" data-id=\"e94e4ef\" data-element_type=\"container\" data-e-type=\"container\" data-settings=\"{&quot;sticky&quot;:&quot;top&quot;,&quot;sticky_on&quot;:[&quot;tablet&quot;],&quot;sticky_offset&quot;:80,&quot;sticky_parent&quot;:&quot;yes&quot;,&quot;sticky_effects_offset&quot;:0,&quot;sticky_anchor_link_offset&quot;:0}\">\n\t\t<div class=\"elementor-element elementor-element-c4118ec e-con-full animated-fast e-flex elementor-invisible e-con e-child\" data-id=\"c4118ec\" data-element_type=\"container\" data-e-type=\"container\" data-settings=\"{&quot;background_background&quot;:&quot;classic&quot;,&quot;animation&quot;:&quot;fadeIn&quot;,&quot;animation_delay&quot;:150}\">\n\t\t\t\t<\/div>\n\t\t\t\t<\/div>\n\t\t\t\t<\/div>\n\t\t\t\t<\/div>\n\t\t<div class=\"elementor-element elementor-element-598b010 e-con-full content-bg-blur-bottom animated-slow e-flex elementor-invisible e-con e-child\" data-id=\"598b010\" data-element_type=\"container\" data-e-type=\"container\" data-settings=\"{&quot;background_background&quot;:&quot;gradient&quot;,&quot;position&quot;:&quot;absolute&quot;,&quot;animation&quot;:&quot;fadeIn&quot;,&quot;animation_delay&quot;:0}\">\n\t\t\t\t<\/div>\n\t\t\t\t\t<\/div>\n\t\t\t\t<\/div>\n\t\t<div class=\"elementor-element elementor-element-792d5c0 e-con-full e-flex e-con e-child\" data-id=\"792d5c0\" data-element_type=\"container\" data-e-type=\"container\" data-settings=\"{&quot;background_background&quot;:&quot;gradient&quot;}\">\n\t\t\t\t<\/div>\n\t\t<div class=\"elementor-element elementor-element-fedfc38 e-flex e-con-boxed e-con e-child\" data-id=\"fedfc38\" data-element_type=\"container\" data-e-type=\"container\">\n\t\t\t\t\t<div class=\"e-con-inner\">\n\t\t<div class=\"elementor-element elementor-element-158ff16 e-con-full e-flex e-con e-child\" data-id=\"158ff16\" data-element_type=\"container\" data-e-type=\"container\">\n\t\t<div class=\"elementor-element elementor-element-650cfc5 e-con-full e-flex e-con e-child\" data-id=\"650cfc5\" data-element_type=\"container\" data-e-type=\"container\">\n\t\t<div class=\"elementor-element elementor-element-72c0133 e-con-full animated-fast e-flex elementor-invisible e-con e-child\" data-id=\"72c0133\" data-element_type=\"container\" data-e-type=\"container\" data-settings=\"{&quot;sticky&quot;:&quot;top&quot;,&quot;sticky_on&quot;:[&quot;widescreen&quot;,&quot;desktop&quot;,&quot;tablet&quot;],&quot;sticky_offset&quot;:100,&quot;sticky_parent&quot;:&quot;yes&quot;,&quot;animation&quot;:&quot;fadeIn&quot;,&quot;sticky_effects_offset&quot;:0,&quot;sticky_anchor_link_offset&quot;:0}\">\n\t\t<div class=\"elementor-element elementor-element-dad2f49 e-con-full e-flex e-con e-child\" data-id=\"dad2f49\" data-element_type=\"container\" data-e-type=\"container\" data-settings=\"{&quot;background_background&quot;:&quot;classic&quot;}\">\n\t\t\t\t<div class=\"vamtam-has-theme-widget-styles elementor-element elementor-element-79f7862 elementor-hidden-desktop elementor-hidden-tablet elementor-hidden-mobile elementor-widget elementor-widget-heading\" data-id=\"79f7862\" data-element_type=\"widget\" data-e-type=\"widget\" data-widget_type=\"heading.default\">\n\t\t\t\t<div class=\"elementor-widget-container\">\n\t\t\t\t\t<span class=\"elementor-heading-title elementor-size-default\">birlikte...<\/span>\t\t\t\t<\/div>\n\t\t\t\t<\/div>\n\t\t\t\t<\/div>\n\t\t\t\t<\/div>\n\t\t\t\t<\/div>\n\t\t<div class=\"elementor-element elementor-element-fdeabeb e-con-full animated-fast e-flex elementor-invisible e-con e-child\" data-id=\"fdeabeb\" data-element_type=\"container\" data-e-type=\"container\" data-settings=\"{&quot;animation&quot;:&quot;fadeIn&quot;,&quot;animation_delay&quot;:50}\">\n\t\t\t\t<div class=\"vamtam-has-theme-widget-styles elementor-element elementor-element-53dc7a5 animated-fast elementor-invisible elementor-widget elementor-widget-heading\" data-id=\"53dc7a5\" data-element_type=\"widget\" data-e-type=\"widget\" data-settings=\"{&quot;_animation&quot;:&quot;fadeIn&quot;}\" data-widget_type=\"heading.default\">\n\t\t\t\t<div class=\"elementor-widget-container\">\n\t\t\t\t\t<h2 class=\"elementor-heading-title elementor-size-default\">Nefes \u00c7al\u0131\u015fmalar\u0131<\/h2>\t\t\t\t<\/div>\n\t\t\t\t<\/div>\n\t\t\t\t<div class=\"vamtam-has-theme-widget-styles elementor-element elementor-element-f8a11f4 animated-fast elementor-invisible elementor-widget elementor-widget-text-editor\" data-id=\"f8a11f4\" data-element_type=\"widget\" data-e-type=\"widget\" data-settings=\"{&quot;_animation&quot;:&quot;fadeIn&quot;,&quot;_animation_delay&quot;:50}\" data-widget_type=\"text-editor.default\">\n\t\t\t\t<div class=\"elementor-widget-container\">\n\t\t\t\t\t\t\t\t\t<p>Nefesle birlikte, yava\u015flamaya\u2026 i\u00e7ine do\u011fru d\u00f6nmeye ba\u015flars\u0131n.<\/p>\n<p>Ve zamanla, kendinle olan ba\u011f\u0131n yeniden g\u00fc\u00e7lenir.<\/p>\n<p><strong>Programlar\u0131 \u0130ncele:<\/strong> <a href=\"https:\/\/mutlulugusansabirakma.com\/programlar\/nefes-calismalari\/\">Nefes \u00c7al\u0131\u015fmalar\u0131<\/a><\/p>\n<p><strong>Ba\u015fvur:<\/strong> <a href=\"https:\/\/mutlulugusansabirakma.com\/egitim-katilim-basvuru-formu\/\">Kat\u0131l\u0131m Ba\u015fvurusu<\/a><\/p>\t\t\t\t\t\t\t\t<\/div>\n\t\t\t\t<\/div>\n\t\t\t\t<div class=\"elementor-element elementor-element-6caefe5 elementor-widget-divider--view-line elementor-widget elementor-widget-divider\" data-id=\"6caefe5\" data-element_type=\"widget\" data-e-type=\"widget\" data-widget_type=\"divider.default\">\n\t\t\t\t<div class=\"elementor-widget-container\">\n\t\t\t\t\t\t\t<div class=\"elementor-divider\">\n\t\t\t<span class=\"elementor-divider-separator\">\n\t\t\t\t\t\t<\/span>\n\t\t<\/div>\n\t\t\t\t\t\t<\/div>\n\t\t\t\t<\/div>\n\t\t\t\t<div class=\"vamtam-has-theme-widget-styles elementor-element elementor-element-75483bf animated-fast elementor-invisible elementor-widget elementor-widget-heading\" data-id=\"75483bf\" data-element_type=\"widget\" data-e-type=\"widget\" data-settings=\"{&quot;_animation&quot;:&quot;fadeIn&quot;,&quot;_animation_delay&quot;:100}\" data-widget_type=\"heading.default\">\n\t\t\t\t<div class=\"elementor-widget-container\">\n\t\t\t\t\t<h2 class=\"elementor-heading-title elementor-size-default\">40 G\u00fcnl\u00fck Kendine D\u00f6n\u00fc\u015f Yolu<\/h2>\t\t\t\t<\/div>\n\t\t\t\t<\/div>\n\t\t\t\t<div class=\"vamtam-has-theme-widget-styles elementor-element elementor-element-6366635 animated-fast elementor-invisible elementor-widget elementor-widget-text-editor\" data-id=\"6366635\" data-element_type=\"widget\" data-e-type=\"widget\" data-settings=\"{&quot;_animation&quot;:&quot;fadeIn&quot;,&quot;_animation_delay&quot;:150}\" data-widget_type=\"text-editor.default\">\n\t\t\t\t<div class=\"elementor-widget-container\">\n\t\t\t\t\t\t\t\t\t<p>D\u00fc\u015f\u00fcnce yo\u011funlu\u011funun \u00f6tesine ge\u00e7ip kendinle daha derin bir ba\u011f \u00a0kurabilece\u011fin yap\u0131land\u0131r\u0131lm\u0131\u015f bir d\u00f6n\u00fc\u015f\u00fcm s\u00fcreci.<\/p>\n<p><strong>Programlar\u0131 \u0130ncele:<\/strong> <a href=\"https:\/\/mutlulugusansabirakma.com\/programlar\/40-gunluk-kendine-donus-yolu\/\">40 G\u00fcnl\u00fck Kendine D\u00f6n\u00fc\u015f Yolu<\/a><\/p>\n<p><strong>Ba\u015fvur:<\/strong> <a href=\"https:\/\/mutlulugusansabirakma.com\/egitim-katilim-basvuru-formu\/\">Kat\u0131l\u0131m Ba\u015fvurusu<\/a><\/p>\t\t\t\t\t\t\t\t<\/div>\n\t\t\t\t<\/div>\n\t\t\t\t<div class=\"elementor-element elementor-element-d11bc5c elementor-widget-divider--view-line elementor-widget elementor-widget-divider\" data-id=\"d11bc5c\" data-element_type=\"widget\" data-e-type=\"widget\" data-widget_type=\"divider.default\">\n\t\t\t\t<div class=\"elementor-widget-container\">\n\t\t\t\t\t\t\t<div class=\"elementor-divider\">\n\t\t\t<span class=\"elementor-divider-separator\">\n\t\t\t\t\t\t<\/span>\n\t\t<\/div>\n\t\t\t\t\t\t<\/div>\n\t\t\t\t<\/div>\n\t\t\t\t<\/div>\n\t\t\t\t<\/div>\n\t\t\t\t\t<\/div>\n\t\t\t\t<\/div>\n\t\t<div class=\"elementor-element elementor-element-fded4f9 e-con-full e-flex e-con e-parent\" data-id=\"fded4f9\" data-element_type=\"container\" data-e-type=\"container\">\n\t\t<div class=\"elementor-element elementor-element-c79535b e-con-full e-flex e-con e-child\" data-id=\"c79535b\" data-element_type=\"container\" data-e-type=\"container\">\n\t\t<div class=\"elementor-element elementor-element-8609d5a e-flex e-con-boxed e-con e-child\" data-id=\"8609d5a\" data-element_type=\"container\" data-e-type=\"container\" data-settings=\"{&quot;background_background&quot;:&quot;classic&quot;}\">\n\t\t\t\t\t<div class=\"e-con-inner\">\n\t\t\t\t\t<\/div>\n\t\t\t\t<\/div>\n\t\t<div class=\"elementor-element elementor-element-9b613a6 content-bg-blur e-flex e-con-boxed elementor-invisible e-con e-child\" data-id=\"9b613a6\" data-element_type=\"container\" data-e-type=\"container\" data-settings=\"{&quot;background_background&quot;:&quot;gradient&quot;,&quot;animation&quot;:&quot;slideInUp&quot;}\">\n\t\t\t\t\t<div class=\"e-con-inner\">\n\t\t\t\t<div class=\"vamtam-has-theme-widget-styles elementor-element elementor-element-104607f elementor-widget elementor-widget-heading\" data-id=\"104607f\" data-element_type=\"widget\" data-e-type=\"widget\" data-widget_type=\"heading.default\">\n\t\t\t\t<div class=\"elementor-widget-container\">\n\t\t\t\t\t<h2 class=\"elementor-heading-title elementor-size-default\">Bireysel nefes seanslar\u0131 i\u00e7in bizimle ileti\u015fime ge\u00e7ebilirsin.<\/h2>\t\t\t\t<\/div>\n\t\t\t\t<\/div>\n\t\t<div class=\"elementor-element elementor-element-f01c447 e-con-full e-flex e-con e-child\" data-id=\"f01c447\" data-element_type=\"container\" data-e-type=\"container\">\n\t\t\t\t<div class=\"vamtam-has-theme-widget-styles elementor-element elementor-element-3c46369 vamtam-has-icon-styles vamtam-has-icon-hover-anim animated-fast vamtam-has-underline-anim elementor-invisible elementor-widget elementor-widget-button\" data-id=\"3c46369\" data-element_type=\"widget\" data-e-type=\"widget\" data-settings=\"{&quot;_animation&quot;:&quot;slideInUp&quot;}\" data-widget_type=\"button.default\">\n\t\t\t\t<div class=\"elementor-widget-container\">\n\t\t\t\t\t\t\t\t\t<div class=\"elementor-button-wrapper\">\n\t\t\t\t\t<a class=\"elementor-button elementor-button-link elementor-size-sm\" href=\"https:\/\/mutlulugusansabirakma.com\/en\/iletisim\/\">\n\t\t\t\t\t\t<span class=\"elementor-button-content-wrapper\">\n\t\t\t\t\t\t<span class=\"elementor-button-icon\">\n\t\t\t\t<i aria-hidden=\"true\" class=\"vamtamtheme- vamtam-theme-arrow-right\"><\/i>\t\t\t<\/span>\n\t\t\t\t\t\t\t\t\t<span class=\"elementor-button-text\">\u0130leti\u015fim Formu<\/span>\n\t\t\t\t\t<\/span>\n\t\t\t\t\t<\/a>\n\t\t\t\t<\/div>\n\t\t\t\t\t\t\t\t<\/div>\n\t\t\t\t<\/div>\n\t\t\t\t<\/div>\n\t\t\t\t\t<\/div>\n\t\t\t\t<\/div>\n\t\t\t\t<\/div>\n\t\t\t\t<\/div>\n\t\t\t\t<\/div>\n\t\t","protected":false},"excerpt":{"rendered":"<p>KEND\u0130MLE BA\u011eIMI KAYBETT\u0130M Kendine yeniden yakla\u015fmak m\u00fcmk\u00fcn m\u00fc? Bazen hayat\u0131n i\u00e7inde akarken, kendimizden yava\u015f yava\u015f uzakla\u015f\u0131r\u0131z. Ne hissetti\u011fimizi bilemez, i\u00e7 sesimizi duymakta zorlan\u0131r\u0131z. Ama o ba\u011f hi\u00e7bir zaman tamamen kaybolmaz. Sadece hat\u0131rlanmay\u0131 bekler. &#x1f33f; Kendine ba\u011flant\u0131da, daha anda, daha ak\u0131\u015fta kalabilmek i\u00e7in bu alanlar\u0131 ke\u015ffedebilirsin: birlikte&#8230; Nefes \u00c7al\u0131\u015fmalar\u0131 Nefesle birlikte, yava\u015flamaya\u2026 i\u00e7ine do\u011fru d\u00f6nmeye ba\u015flars\u0131n&#8230;.<\/p>","protected":false},"author":1,"featured_media":0,"parent":988921,"menu_order":0,"comment_status":"closed","ping_status":"closed","template":"","meta":{"inline_featured_image":false,"footnotes":""},"class_list":["post-989025","page","type-page","status-publish","hentry"],"yoast_head":"<!-- This site is optimized with the Yoast SEO plugin v27.2 - https:\/\/yoast.com\/product\/yoast-seo-wordpress\/ -->\n<title>Kendimle Ba\u011f\u0131m\u0131 Kaybettim - Mutlulu\u011fu \u015eansa B\u0131rakma<\/title>\n<meta name=\"robots\" content=\"index, follow, max-snippet:-1, max-image-preview:large, max-video-preview:-1\" \/>\n<link rel=\"canonical\" href=\"https:\/\/mutlulugusansabirakma.com\/en\/su-an-ihtiyacin-olan\/kendimle-bagimi-kaybettim\/\" \/>\n<meta property=\"og:locale\" content=\"en_US\" \/>\n<meta property=\"og:type\" content=\"article\" \/>\n<meta property=\"og:title\" content=\"Kendimle Ba\u011f\u0131m\u0131 Kaybettim - Mutlulu\u011fu \u015eansa B\u0131rakma\" \/>\n<meta property=\"og:description\" content=\"KEND\u0130MLE BA\u011eIMI KAYBETT\u0130M Kendine yeniden yakla\u015fmak m\u00fcmk\u00fcn m\u00fc? Bazen hayat\u0131n i\u00e7inde akarken, kendimizden yava\u015f yava\u015f uzakla\u015f\u0131r\u0131z. Ne hissetti\u011fimizi bilemez, i\u00e7 sesimizi duymakta zorlan\u0131r\u0131z. Ama o ba\u011f hi\u00e7bir zaman tamamen kaybolmaz. Sadece hat\u0131rlanmay\u0131 bekler. &#x1f33f; Kendine ba\u011flant\u0131da, daha anda, daha ak\u0131\u015fta kalabilmek i\u00e7in bu alanlar\u0131 ke\u015ffedebilirsin: birlikte&#8230; Nefes \u00c7al\u0131\u015fmalar\u0131 Nefesle birlikte, yava\u015flamaya\u2026 i\u00e7ine do\u011fru d\u00f6nmeye ba\u015flars\u0131n....\" \/>\n<meta property=\"og:url\" content=\"https:\/\/mutlulugusansabirakma.com\/en\/su-an-ihtiyacin-olan\/kendimle-bagimi-kaybettim\/\" \/>\n<meta property=\"og:site_name\" content=\"Mutlulu\u011fu \u015eansa B\u0131rakma\" \/>\n<meta property=\"article:modified_time\" content=\"2026-04-13T09:56:54+00:00\" \/>\n<meta name=\"twitter:card\" content=\"summary_large_image\" \/>\n<meta name=\"twitter:label1\" content=\"Est. reading time\" \/>\n\t<meta name=\"twitter:data1\" content=\"1 minute\" \/>\n<script type=\"application\/ld+json\" class=\"yoast-schema-graph\">{\"@context\":\"https:\/\/schema.org\",\"@graph\":[{\"@type\":\"WebPage\",\"@id\":\"https:\/\/mutlulugusansabirakma.com\/su-an-ihtiyacin-olan\/kendimle-bagimi-kaybettim\/\",\"url\":\"https:\/\/mutlulugusansabirakma.com\/su-an-ihtiyacin-olan\/kendimle-bagimi-kaybettim\/\",\"name\":\"Kendimle Ba\u011f\u0131m\u0131 Kaybettim - Mutlulu\u011fu \u015eansa B\u0131rakma\",\"isPartOf\":{\"@id\":\"https:\/\/mutlulugusansabirakma.com\/#website\"},\"datePublished\":\"2026-04-13T09:30:45+00:00\",\"dateModified\":\"2026-04-13T09:56:54+00:00\",\"breadcrumb\":{\"@id\":\"https:\/\/mutlulugusansabirakma.com\/su-an-ihtiyacin-olan\/kendimle-bagimi-kaybettim\/#breadcrumb\"},\"inLanguage\":\"en-US\",\"potentialAction\":[{\"@type\":\"ReadAction\",\"target\":[\"https:\/\/mutlulugusansabirakma.com\/su-an-ihtiyacin-olan\/kendimle-bagimi-kaybettim\/\"]}]},{\"@type\":\"BreadcrumbList\",\"@id\":\"https:\/\/mutlulugusansabirakma.com\/su-an-ihtiyacin-olan\/kendimle-bagimi-kaybettim\/#breadcrumb\",\"itemListElement\":[{\"@type\":\"ListItem\",\"position\":1,\"name\":\"Anasayfa\",\"item\":\"https:\/\/mutlulugusansabirakma.com\/\"},{\"@type\":\"ListItem\",\"position\":2,\"name\":\"\u015eu An \u0130htiyac\u0131n Olan\",\"item\":\"https:\/\/mutlulugusansabirakma.com\/su-an-ihtiyacin-olan\/\"},{\"@type\":\"ListItem\",\"position\":3,\"name\":\"Kendimle Ba\u011f\u0131m\u0131 Kaybettim\"}]},{\"@type\":\"WebSite\",\"@id\":\"https:\/\/mutlulugusansabirakma.com\/#website\",\"url\":\"https:\/\/mutlulugusansabirakma.com\/\",\"name\":\"Mutlulu\u011fu \u015eansa B\u0131rakma\",\"description\":\"Kendine D\u00f6n\u00fc\u015f Yolculu\u011fu\",\"publisher\":{\"@id\":\"https:\/\/mutlulugusansabirakma.com\/#organization\"},\"potentialAction\":[{\"@type\":\"SearchAction\",\"target\":{\"@type\":\"EntryPoint\",\"urlTemplate\":\"https:\/\/mutlulugusansabirakma.com\/?s={search_term_string}\"},\"query-input\":{\"@type\":\"PropertyValueSpecification\",\"valueRequired\":true,\"valueName\":\"search_term_string\"}}],\"inLanguage\":\"en-US\"},{\"@type\":\"Organization\",\"@id\":\"https:\/\/mutlulugusansabirakma.com\/#organization\",\"name\":\"Mutlulu\u011fu \u015eansa B\u0131rakma\",\"url\":\"https:\/\/mutlulugusansabirakma.com\/\",\"logo\":{\"@type\":\"ImageObject\",\"inLanguage\":\"en-US\",\"@id\":\"https:\/\/mutlulugusansabirakma.com\/#\/schema\/logo\/image\/\",\"url\":\"https:\/\/mutlulugusansabirakma.com\/wp-content\/uploads\/2025\/11\/MSB_Logo2.png\",\"contentUrl\":\"https:\/\/mutlulugusansabirakma.com\/wp-content\/uploads\/2025\/11\/MSB_Logo2.png\",\"width\":1847,\"height\":946,\"caption\":\"Mutlulu\u011fu \u015eansa B\u0131rakma\"},\"image\":{\"@id\":\"https:\/\/mutlulugusansabirakma.com\/#\/schema\/logo\/image\/\"}}]}<\/script>\n<!-- \/ Yoast SEO plugin. -->","yoast_head_json":{"title":"Kendimle Ba\u011f\u0131m\u0131 Kaybettim - Mutlulu\u011fu \u015eansa B\u0131rakma","robots":{"index":"index","follow":"follow","max-snippet":"max-snippet:-1","max-image-preview":"max-image-preview:large","max-video-preview":"max-video-preview:-1"},"canonical":"https:\/\/mutlulugusansabirakma.com\/en\/su-an-ihtiyacin-olan\/kendimle-bagimi-kaybettim\/","og_locale":"en_US","og_type":"article","og_title":"Kendimle Ba\u011f\u0131m\u0131 Kaybettim - Mutlulu\u011fu \u015eansa B\u0131rakma","og_description":"KEND\u0130MLE BA\u011eIMI KAYBETT\u0130M Kendine yeniden yakla\u015fmak m\u00fcmk\u00fcn m\u00fc? Bazen hayat\u0131n i\u00e7inde akarken, kendimizden yava\u015f yava\u015f uzakla\u015f\u0131r\u0131z. Ne hissetti\u011fimizi bilemez, i\u00e7 sesimizi duymakta zorlan\u0131r\u0131z. Ama o ba\u011f hi\u00e7bir zaman tamamen kaybolmaz. Sadece hat\u0131rlanmay\u0131 bekler. &#x1f33f; Kendine ba\u011flant\u0131da, daha anda, daha ak\u0131\u015fta kalabilmek i\u00e7in bu alanlar\u0131 ke\u015ffedebilirsin: birlikte&#8230; Nefes \u00c7al\u0131\u015fmalar\u0131 Nefesle birlikte, yava\u015flamaya\u2026 i\u00e7ine do\u011fru d\u00f6nmeye ba\u015flars\u0131n....","og_url":"https:\/\/mutlulugusansabirakma.com\/en\/su-an-ihtiyacin-olan\/kendimle-bagimi-kaybettim\/","og_site_name":"Mutlulu\u011fu \u015eansa B\u0131rakma","article_modified_time":"2026-04-13T09:56:54+00:00","twitter_card":"summary_large_image","twitter_misc":{"Est. reading time":"1 minute"},"schema":{"@context":"https:\/\/schema.org","@graph":[{"@type":"WebPage","@id":"https:\/\/mutlulugusansabirakma.com\/su-an-ihtiyacin-olan\/kendimle-bagimi-kaybettim\/","url":"https:\/\/mutlulugusansabirakma.com\/su-an-ihtiyacin-olan\/kendimle-bagimi-kaybettim\/","name":"Kendimle Ba\u011f\u0131m\u0131 Kaybettim - Mutlulu\u011fu \u015eansa B\u0131rakma","isPartOf":{"@id":"https:\/\/mutlulugusansabirakma.com\/#website"},"datePublished":"2026-04-13T09:30:45+00:00","dateModified":"2026-04-13T09:56:54+00:00","breadcrumb":{"@id":"https:\/\/mutlulugusansabirakma.com\/su-an-ihtiyacin-olan\/kendimle-bagimi-kaybettim\/#breadcrumb"},"inLanguage":"en-US","potentialAction":[{"@type":"ReadAction","target":["https:\/\/mutlulugusansabirakma.com\/su-an-ihtiyacin-olan\/kendimle-bagimi-kaybettim\/"]}]},{"@type":"BreadcrumbList","@id":"https:\/\/mutlulugusansabirakma.com\/su-an-ihtiyacin-olan\/kendimle-bagimi-kaybettim\/#breadcrumb","itemListElement":[{"@type":"ListItem","position":1,"name":"Anasayfa","item":"https:\/\/mutlulugusansabirakma.com\/"},{"@type":"ListItem","position":2,"name":"\u015eu An \u0130htiyac\u0131n Olan","item":"https:\/\/mutlulugusansabirakma.com\/su-an-ihtiyacin-olan\/"},{"@type":"ListItem","position":3,"name":"Kendimle Ba\u011f\u0131m\u0131 Kaybettim"}]},{"@type":"WebSite","@id":"https:\/\/mutlulugusansabirakma.com\/#website","url":"https:\/\/mutlulugusansabirakma.com\/","name":"Don't Leave Happiness To Chance","description":"Journey of Self-Return","publisher":{"@id":"https:\/\/mutlulugusansabirakma.com\/#organization"},"potentialAction":[{"@type":"SearchAction","target":{"@type":"EntryPoint","urlTemplate":"https:\/\/mutlulugusansabirakma.com\/?s={search_term_string}"},"query-input":{"@type":"PropertyValueSpecification","valueRequired":true,"valueName":"search_term_string"}}],"inLanguage":"en-US"},{"@type":"Organization","@id":"https:\/\/mutlulugusansabirakma.com\/#organization","name":"Don't Leave Happiness To Chance","url":"https:\/\/mutlulugusansabirakma.com\/","logo":{"@type":"ImageObject","inLanguage":"en-US","@id":"https:\/\/mutlulugusansabirakma.com\/#\/schema\/logo\/image\/","url":"https:\/\/mutlulugusansabirakma.com\/wp-content\/uploads\/2025\/11\/MSB_Logo2.png","contentUrl":"https:\/\/mutlulugusansabirakma.com\/wp-content\/uploads\/2025\/11\/MSB_Logo2.png","width":1847,"height":946,"caption":"Mutlulu\u011fu \u015eansa B\u0131rakma"},"image":{"@id":"https:\/\/mutlulugusansabirakma.com\/#\/schema\/logo\/image\/"}}]}},"_links":{"self":[{"href":"https:\/\/mutlulugusansabirakma.com\/en\/wp-json\/wp\/v2\/pages\/989025","targetHints":{"allow":["GET"]}}],"collection":[{"href":"https:\/\/mutlulugusansabirakma.com\/en\/wp-json\/wp\/v2\/pages"}],"about":[{"href":"https:\/\/mutlulugusansabirakma.com\/en\/wp-json\/wp\/v2\/types\/page"}],"author":[{"embeddable":true,"href":"https:\/\/mutlulugusansabirakma.com\/en\/wp-json\/wp\/v2\/users\/1"}],"replies":[{"embeddable":true,"href":"https:\/\/mutlulugusansabirakma.com\/en\/wp-json\/wp\/v2\/comments?post=989025"}],"version-history":[{"count":13,"href":"https:\/\/mutlulugusansabirakma.com\/en\/wp-json\/wp\/v2\/pages\/989025\/revisions"}],"predecessor-version":[{"id":989082,"href":"https:\/\/mutlulugusansabirakma.com\/en\/wp-json\/wp\/v2\/pages\/989025\/revisions\/989082"}],"up":[{"embeddable":true,"href":"https:\/\/mutlulugusansabirakma.com\/en\/wp-json\/wp\/v2\/pages\/988921"}],"wp:attachment":[{"href":"https:\/\/mutlulugusansabirakma.com\/en\/wp-json\/wp\/v2\/media?parent=989025"}],"curies":[{"name":"wp","href":"https:\/\/api.w.org\/{rel}","templated":true}]}}