{"id":1538,"date":"2025-12-23T10:28:42","date_gmt":"2025-12-23T10:28:42","guid":{"rendered":"https:\/\/balancia.vamtam.com\/?page_id=1538"},"modified":"2026-03-30T11:29:53","modified_gmt":"2026-03-30T08:29:53","slug":"kvkk-ve-aydinlatma-metni","status":"publish","type":"page","link":"https:\/\/mutlulugusansabirakma.com\/en\/kvkk-ve-aydinlatma-metni\/","title":{"rendered":"Personal Data Protection Law (GDPR)"},"content":{"rendered":"<div data-elementor-type=\"wp-page\" data-elementor-id=\"1538\" class=\"elementor elementor-1538\" data-elementor-post-type=\"page\">\n\t\t\t\t<div class=\"elementor-element elementor-element-fd0a5d5 animated-fast e-flex e-con-boxed elementor-invisible e-con e-parent\" data-id=\"fd0a5d5\" data-element_type=\"container\" data-e-type=\"container\" data-settings=\"{&quot;animation&quot;:&quot;fadeIn&quot;,&quot;animation_delay&quot;:100}\">\n\t\t\t\t\t<div class=\"e-con-inner\">\n\t\t\t\t<div class=\"vamtam-has-theme-widget-styles elementor-element elementor-element-f629345 elementor-widget elementor-widget-text-editor\" data-id=\"f629345\" data-element_type=\"widget\" data-e-type=\"widget\" data-widget_type=\"text-editor.default\">\n\t\t\t\t<div class=\"elementor-widget-container\">\n\t\t\t\t\t\t\t\t\t<p>This document has been prepared by Ay\u015fe Sibel Kavuno\u011flu (\u201cthe Company\u201d), acting as the data controller, to inform you about the processing of your personal data in accordance with the Law No. 6698 on the Protection of Personal Data (\u201cKVKK\u201d).<\/p><ol><li>Personal Data Processed<\/li><\/ol><p>The following personal data that you have shared with the company may be processed:<\/p><ul><li>Identity information (name, surname)<\/li><li>Contact information (phone number, email address)<\/li><li>Program participation and application information<\/li><li>Request, suggestion and complaint content<\/li><li>Limited health and personal information shared during program processes<\/li><li>Visual and audio recordings obtained within the scope of the program.<\/li><\/ul><ol start=\"2\"><li>Purposes of Processing Personal Data<\/li><\/ol><p>Your personal data is processed for the following purposes:<\/p><ul><li>Provision and execution of programs and services<\/li><li>Creating participant records and managing organizational processes.<\/li><li>Establishing communication with participants.<\/li><li>Evaluation of requests and complaints.<\/li><li>Improving and enhancing service quality<\/li><li>Planning and improving program content.<\/li><li>Fulfillment of legal obligations<\/li><\/ul><ol start=\"3\"><li>Method and Legal Basis for the Collection of Personal Data<\/li><\/ol><p>Your personal data;<\/p><ul><li>Website and online forms<\/li><li>Phone, email, and messaging applications<\/li><li>Social media platforms<\/li><li>Physical application and participation processes<\/li><\/ul><p>This information is collected verbally, in writing, or electronically through various channels.<\/p><p>These data are collected in accordance with Articles 5 and 6 of the Personal Data Protection Law (KVKK);<\/p><ul><li>Formation and performance of the contract<\/li><li>Fulfillment of legal obligations<\/li><li>The legitimate interests of the company<\/li><li>Explicit consent (where required)<\/li><\/ul><p>It is committed based on legal grounds.<\/p><ol start=\"4\"><li>Transfer of Personal Data<\/li><\/ol><p>Your personal data may only be transferred to authorized public institutions and organizations, service providers and business partners in accordance with relevant legislation and with the necessary technical and administrative security measures in place.<\/p><ol start=\"5\"><li>Program Participation, Privacy and Intellectual Property Rights<\/li><\/ol><ul><li>Programs include individual sessions, group work, training courses, and camps.<\/li><li>The participant acknowledges that they are participating in the program of their own free will.<\/li><li>All content and materials shared during the program are protected under Intellectual and Industrial Property Rights.<\/li><li>This content may not be copied, reproduced, or shared with third parties without permission.<\/li><li>Participants are not allowed to record the audio or video of instructors or other participants during the program.<\/li><li>Personal information shared during the program is confidential and will not be shared with third parties.<\/li><\/ul><ol start=\"6\"><li>Health and Responsibility Statement<\/li><\/ol><ul><li>These programs are not intended for any medical diagnosis or treatment purposes.<\/li><li>The services offered are not considered healthcare services.<\/li><li>The participant acknowledges that their physical, mental, and emotional condition is suitable for participation in the program.<\/li><li>Participation is entirely at the individual's own risk.<\/li><li>It is the participant's responsibility to consult a healthcare professional if deemed necessary before and during the program.<\/li><\/ul><ol start=\"7\"><li>About Visual and Audio Recordings<\/li><\/ol><p>During the programs, photographs and videos may be taken with the knowledge of the participants. These recordings may be used for the purpose of promoting the services, including on the website, social media accounts, and promotional and informational content.<\/p><ol start=\"8\"><li>Your Rights Under the Personal Data Protection Law (KVKK)<\/li><\/ol><p>In accordance with Article 11 of the KVKK (Law on Protection of Personal Data);<\/p><ul><li>To find out whether your personal data is being processed.<\/li><li>If it has been processed, request information about it.<\/li><li>To understand the purpose of processing.<\/li><li>Knowing the third parties to whom the data is transferred.<\/li><li>Requesting correction of incomplete or incorrectly processed data.<\/li><li>Requesting the deletion or destruction of data.<\/li><li>Requesting that transactions be disclosed to third parties.<\/li><li>Object to automated analyses.<\/li><li>Claiming compensation in case of damage.<\/li><\/ul><p>You have rights.<\/p><p>You can submit your applications through the communication channels listed below. Your requests will be reviewed and processed within a maximum of 30 days.<\/p><ol start=\"9\"><li>Data Controller and Contact Information<\/li><\/ol><p>Data Controller: Ay\u015fe Sibel Kavuno\u011flu<\/p><p>Tax Number: 29596181900<\/p><p>Address: Boyal\u0131 K\u00f6\u015fk Sok. Yurt Apt. No:11\/2 Arnavutk\u00f6y Be\u015fikta\u015f \/ Istanbul<\/p><p>Phone: 0 554 268 02 87<\/p><p>Email: <a href=\"mailto:info@mutlulugusansabirakma.com\">info@mutlulugusansabirakma.com<\/a><\/p>\t\t\t\t\t\t\t\t<\/div>\n\t\t\t\t<\/div>\n\t\t\t\t\t<\/div>\n\t\t\t\t<\/div>\n\t\t\t\t<\/div>","protected":false},"excerpt":{"rendered":"<p>\u0130\u015fbu metin, veri sorumlusu s\u0131fat\u0131yla hareket eden Ay\u015fe Sibel Kavuno\u011flu \u00a0(\u201c\u015eirket\u201d) taraf\u0131ndan, 6698 say\u0131l\u0131 Ki\u015fisel Verilerin Korunmas\u0131 Kanunu (\u201cKVKK\u201d) uyar\u0131nca ki\u015fisel verilerinizin i\u015flenmesine ili\u015fkin olarak sizleri bilgilendirmek amac\u0131yla haz\u0131rlanm\u0131\u015ft\u0131r. \u0130\u015flenen Ki\u015fisel Veriler \u015eirket taraf\u0131ndan, taraf\u0131n\u0131zca payla\u015f\u0131lan a\u015fa\u011f\u0131daki ki\u015fisel veriler i\u015flenebilmektedir: Kimlik bilgileri (ad, soyad) \u0130leti\u015fim bilgileri (telefon numaras\u0131, e-posta adresi) Program kat\u0131l\u0131m ve ba\u015fvuru bilgileri&#8230;<\/p>","protected":false},"author":1,"featured_media":0,"parent":0,"menu_order":0,"comment_status":"closed","ping_status":"closed","template":"","meta":{"inline_featured_image":false,"footnotes":""},"class_list":["post-1538","page","type-page","status-publish","hentry"],"yoast_head":"<!-- This site is optimized with the Yoast SEO plugin v27.2 - https:\/\/yoast.com\/product\/yoast-seo-wordpress\/ -->\n<title>KVKK ve Ayd\u0131nlatma Metni - Mutlulu\u011fu \u015eansa B\u0131rakma<\/title>\n<meta name=\"robots\" content=\"index, follow, max-snippet:-1, max-image-preview:large, max-video-preview:-1\" \/>\n<link rel=\"canonical\" href=\"https:\/\/mutlulugusansabirakma.com\/en\/kvkk-ve-aydinlatma-metni\/\" \/>\n<meta property=\"og:locale\" content=\"en_US\" \/>\n<meta property=\"og:type\" content=\"article\" \/>\n<meta property=\"og:title\" content=\"KVKK ve Ayd\u0131nlatma Metni - Mutlulu\u011fu \u015eansa B\u0131rakma\" \/>\n<meta property=\"og:description\" content=\"\u0130\u015fbu metin, veri sorumlusu s\u0131fat\u0131yla hareket eden Ay\u015fe Sibel Kavuno\u011flu \u00a0(\u201c\u015eirket\u201d) taraf\u0131ndan, 6698 say\u0131l\u0131 Ki\u015fisel Verilerin Korunmas\u0131 Kanunu (\u201cKVKK\u201d) uyar\u0131nca ki\u015fisel verilerinizin i\u015flenmesine ili\u015fkin olarak sizleri bilgilendirmek amac\u0131yla haz\u0131rlanm\u0131\u015ft\u0131r. \u0130\u015flenen Ki\u015fisel Veriler \u015eirket taraf\u0131ndan, taraf\u0131n\u0131zca payla\u015f\u0131lan a\u015fa\u011f\u0131daki ki\u015fisel veriler i\u015flenebilmektedir: Kimlik bilgileri (ad, soyad) \u0130leti\u015fim bilgileri (telefon numaras\u0131, e-posta adresi) Program kat\u0131l\u0131m ve ba\u015fvuru bilgileri...\" \/>\n<meta property=\"og:url\" content=\"https:\/\/mutlulugusansabirakma.com\/en\/kvkk-ve-aydinlatma-metni\/\" \/>\n<meta property=\"og:site_name\" content=\"Mutlulu\u011fu \u015eansa B\u0131rakma\" \/>\n<meta property=\"article:modified_time\" content=\"2026-03-30T08:29:53+00:00\" \/>\n<meta name=\"twitter:card\" content=\"summary_large_image\" \/>\n<meta name=\"twitter:label1\" content=\"Est. reading time\" \/>\n\t<meta name=\"twitter:data1\" content=\"3 minutes\" \/>\n<script type=\"application\/ld+json\" class=\"yoast-schema-graph\">{\"@context\":\"https:\/\/schema.org\",\"@graph\":[{\"@type\":\"WebPage\",\"@id\":\"https:\/\/mutlulugusansabirakma.com\/kvkk-ve-aydinlatma-metni\/\",\"url\":\"https:\/\/mutlulugusansabirakma.com\/kvkk-ve-aydinlatma-metni\/\",\"name\":\"KVKK ve Ayd\u0131nlatma Metni - Mutlulu\u011fu \u015eansa B\u0131rakma\",\"isPartOf\":{\"@id\":\"https:\/\/mutlulugusansabirakma.com\/#website\"},\"datePublished\":\"2025-12-23T10:28:42+00:00\",\"dateModified\":\"2026-03-30T08:29:53+00:00\",\"breadcrumb\":{\"@id\":\"https:\/\/mutlulugusansabirakma.com\/kvkk-ve-aydinlatma-metni\/#breadcrumb\"},\"inLanguage\":\"en-US\",\"potentialAction\":[{\"@type\":\"ReadAction\",\"target\":[\"https:\/\/mutlulugusansabirakma.com\/kvkk-ve-aydinlatma-metni\/\"]}]},{\"@type\":\"BreadcrumbList\",\"@id\":\"https:\/\/mutlulugusansabirakma.com\/kvkk-ve-aydinlatma-metni\/#breadcrumb\",\"itemListElement\":[{\"@type\":\"ListItem\",\"position\":1,\"name\":\"Anasayfa\",\"item\":\"https:\/\/mutlulugusansabirakma.com\/\"},{\"@type\":\"ListItem\",\"position\":2,\"name\":\"KVKK ve Ayd\u0131nlatma Metni\"}]},{\"@type\":\"WebSite\",\"@id\":\"https:\/\/mutlulugusansabirakma.com\/#website\",\"url\":\"https:\/\/mutlulugusansabirakma.com\/\",\"name\":\"Mutlulu\u011fu \u015eansa B\u0131rakma\",\"description\":\"Kendine D\u00f6n\u00fc\u015f Yolculu\u011fu\",\"publisher\":{\"@id\":\"https:\/\/mutlulugusansabirakma.com\/#organization\"},\"potentialAction\":[{\"@type\":\"SearchAction\",\"target\":{\"@type\":\"EntryPoint\",\"urlTemplate\":\"https:\/\/mutlulugusansabirakma.com\/?s={search_term_string}\"},\"query-input\":{\"@type\":\"PropertyValueSpecification\",\"valueRequired\":true,\"valueName\":\"search_term_string\"}}],\"inLanguage\":\"en-US\"},{\"@type\":\"Organization\",\"@id\":\"https:\/\/mutlulugusansabirakma.com\/#organization\",\"name\":\"Mutlulu\u011fu \u015eansa B\u0131rakma\",\"url\":\"https:\/\/mutlulugusansabirakma.com\/\",\"logo\":{\"@type\":\"ImageObject\",\"inLanguage\":\"en-US\",\"@id\":\"https:\/\/mutlulugusansabirakma.com\/#\/schema\/logo\/image\/\",\"url\":\"https:\/\/mutlulugusansabirakma.com\/wp-content\/uploads\/2025\/11\/MSB_Logo2.png\",\"contentUrl\":\"https:\/\/mutlulugusansabirakma.com\/wp-content\/uploads\/2025\/11\/MSB_Logo2.png\",\"width\":1847,\"height\":946,\"caption\":\"Mutlulu\u011fu \u015eansa B\u0131rakma\"},\"image\":{\"@id\":\"https:\/\/mutlulugusansabirakma.com\/#\/schema\/logo\/image\/\"}}]}<\/script>\n<!-- \/ Yoast SEO plugin. -->","yoast_head_json":{"title":"KVKK ve Ayd\u0131nlatma Metni - Mutlulu\u011fu \u015eansa B\u0131rakma","robots":{"index":"index","follow":"follow","max-snippet":"max-snippet:-1","max-image-preview":"max-image-preview:large","max-video-preview":"max-video-preview:-1"},"canonical":"https:\/\/mutlulugusansabirakma.com\/en\/kvkk-ve-aydinlatma-metni\/","og_locale":"en_US","og_type":"article","og_title":"KVKK ve Ayd\u0131nlatma Metni - Mutlulu\u011fu \u015eansa B\u0131rakma","og_description":"\u0130\u015fbu metin, veri sorumlusu s\u0131fat\u0131yla hareket eden Ay\u015fe Sibel Kavuno\u011flu \u00a0(\u201c\u015eirket\u201d) taraf\u0131ndan, 6698 say\u0131l\u0131 Ki\u015fisel Verilerin Korunmas\u0131 Kanunu (\u201cKVKK\u201d) uyar\u0131nca ki\u015fisel verilerinizin i\u015flenmesine ili\u015fkin olarak sizleri bilgilendirmek amac\u0131yla haz\u0131rlanm\u0131\u015ft\u0131r. \u0130\u015flenen Ki\u015fisel Veriler \u015eirket taraf\u0131ndan, taraf\u0131n\u0131zca payla\u015f\u0131lan a\u015fa\u011f\u0131daki ki\u015fisel veriler i\u015flenebilmektedir: Kimlik bilgileri (ad, soyad) \u0130leti\u015fim bilgileri (telefon numaras\u0131, e-posta adresi) Program kat\u0131l\u0131m ve ba\u015fvuru bilgileri...","og_url":"https:\/\/mutlulugusansabirakma.com\/en\/kvkk-ve-aydinlatma-metni\/","og_site_name":"Mutlulu\u011fu \u015eansa B\u0131rakma","article_modified_time":"2026-03-30T08:29:53+00:00","twitter_card":"summary_large_image","twitter_misc":{"Est. reading time":"3 minutes"},"schema":{"@context":"https:\/\/schema.org","@graph":[{"@type":"WebPage","@id":"https:\/\/mutlulugusansabirakma.com\/kvkk-ve-aydinlatma-metni\/","url":"https:\/\/mutlulugusansabirakma.com\/kvkk-ve-aydinlatma-metni\/","name":"KVKK ve Ayd\u0131nlatma Metni - Mutlulu\u011fu \u015eansa B\u0131rakma","isPartOf":{"@id":"https:\/\/mutlulugusansabirakma.com\/#website"},"datePublished":"2025-12-23T10:28:42+00:00","dateModified":"2026-03-30T08:29:53+00:00","breadcrumb":{"@id":"https:\/\/mutlulugusansabirakma.com\/kvkk-ve-aydinlatma-metni\/#breadcrumb"},"inLanguage":"en-US","potentialAction":[{"@type":"ReadAction","target":["https:\/\/mutlulugusansabirakma.com\/kvkk-ve-aydinlatma-metni\/"]}]},{"@type":"BreadcrumbList","@id":"https:\/\/mutlulugusansabirakma.com\/kvkk-ve-aydinlatma-metni\/#breadcrumb","itemListElement":[{"@type":"ListItem","position":1,"name":"Anasayfa","item":"https:\/\/mutlulugusansabirakma.com\/"},{"@type":"ListItem","position":2,"name":"KVKK ve Ayd\u0131nlatma Metni"}]},{"@type":"WebSite","@id":"https:\/\/mutlulugusansabirakma.com\/#website","url":"https:\/\/mutlulugusansabirakma.com\/","name":"Don't Leave Happiness To Chance","description":"Journey of Self-Return","publisher":{"@id":"https:\/\/mutlulugusansabirakma.com\/#organization"},"potentialAction":[{"@type":"SearchAction","target":{"@type":"EntryPoint","urlTemplate":"https:\/\/mutlulugusansabirakma.com\/?s={search_term_string}"},"query-input":{"@type":"PropertyValueSpecification","valueRequired":true,"valueName":"search_term_string"}}],"inLanguage":"en-US"},{"@type":"Organization","@id":"https:\/\/mutlulugusansabirakma.com\/#organization","name":"Don't Leave Happiness To Chance","url":"https:\/\/mutlulugusansabirakma.com\/","logo":{"@type":"ImageObject","inLanguage":"en-US","@id":"https:\/\/mutlulugusansabirakma.com\/#\/schema\/logo\/image\/","url":"https:\/\/mutlulugusansabirakma.com\/wp-content\/uploads\/2025\/11\/MSB_Logo2.png","contentUrl":"https:\/\/mutlulugusansabirakma.com\/wp-content\/uploads\/2025\/11\/MSB_Logo2.png","width":1847,"height":946,"caption":"Mutlulu\u011fu \u015eansa B\u0131rakma"},"image":{"@id":"https:\/\/mutlulugusansabirakma.com\/#\/schema\/logo\/image\/"}}]}},"_links":{"self":[{"href":"https:\/\/mutlulugusansabirakma.com\/en\/wp-json\/wp\/v2\/pages\/1538","targetHints":{"allow":["GET"]}}],"collection":[{"href":"https:\/\/mutlulugusansabirakma.com\/en\/wp-json\/wp\/v2\/pages"}],"about":[{"href":"https:\/\/mutlulugusansabirakma.com\/en\/wp-json\/wp\/v2\/types\/page"}],"author":[{"embeddable":true,"href":"https:\/\/mutlulugusansabirakma.com\/en\/wp-json\/wp\/v2\/users\/1"}],"replies":[{"embeddable":true,"href":"https:\/\/mutlulugusansabirakma.com\/en\/wp-json\/wp\/v2\/comments?post=1538"}],"version-history":[{"count":10,"href":"https:\/\/mutlulugusansabirakma.com\/en\/wp-json\/wp\/v2\/pages\/1538\/revisions"}],"predecessor-version":[{"id":987938,"href":"https:\/\/mutlulugusansabirakma.com\/en\/wp-json\/wp\/v2\/pages\/1538\/revisions\/987938"}],"wp:attachment":[{"href":"https:\/\/mutlulugusansabirakma.com\/en\/wp-json\/wp\/v2\/media?parent=1538"}],"curies":[{"name":"wp","href":"https:\/\/api.w.org\/{rel}","templated":true}]}}