{"id":102,"date":"2025-12-16T11:19:34","date_gmt":"2025-12-16T11:19:34","guid":{"rendered":"https:\/\/balancia.vamtam.com\/?page_id=102"},"modified":"2026-04-22T11:19:07","modified_gmt":"2026-04-22T08:19:07","slug":"iletisim","status":"publish","type":"page","link":"https:\/\/mutlulugusansabirakma.com\/en\/iletisim\/","title":{"rendered":"Contact"},"content":{"rendered":"\t\t<div data-elementor-type=\"wp-page\" data-elementor-id=\"102\" class=\"elementor elementor-102\" data-elementor-post-type=\"page\">\n\t\t\t\t<div class=\"elementor-element elementor-element-ec552b8 e-con-full e-flex e-con e-parent\" data-id=\"ec552b8\" data-element_type=\"container\" data-e-type=\"container\">\n\t\t\t\t<div class=\"elementor-element elementor-element-f965f9b elementor-widget elementor-widget-html\" data-id=\"f965f9b\" data-element_type=\"widget\" data-e-type=\"widget\" data-widget_type=\"html.default\">\n\t\t\t\t<div class=\"elementor-widget-container\">\n\t\t\t\t\t<iframe src=\"https:\/\/www.google.com\/maps\/embed?pb=!1m18!1m12!1m3!1d1361.0516242241413!2d29.045443900000002!3d41.0685116!2m3!1f0!2f0!3f0!3m2!1i1024!2i768!4f13.1!3m3!1m2!1s0x14cab61ff646052d%3A0xd86e748f38e3f772!2zTXV0bHVsdcSfdSDFnmFuc2EgQsSxcmFrbWE!5e1!3m2!1str!2str!4v1774861813664!5m2!1str!2str\" width=\"1800\" height=\"500\" style=\"border:0;\" allowfullscreen=\"\" loading=\"lazy\" referrerpolicy=\"no-referrer-when-downgrade\"><\/iframe>\t\t\t\t<\/div>\n\t\t\t\t<\/div>\n\t\t\t\t<\/div>\n\t\t<div class=\"elementor-element elementor-element-8848868 e-flex e-con-boxed e-con e-child\" data-id=\"8848868\" data-element_type=\"container\" data-e-type=\"container\">\n\t\t\t\t\t<div class=\"e-con-inner\">\n\t\t<div class=\"elementor-element elementor-element-6759b37 e-con-full e-flex e-con e-child\" data-id=\"6759b37\" data-element_type=\"container\" data-e-type=\"container\">\n\t\t\t\t<div class=\"elementor-element elementor-element-a76e31b elementor-widget elementor-widget-spacer\" data-id=\"a76e31b\" data-element_type=\"widget\" data-e-type=\"widget\" data-widget_type=\"spacer.default\">\n\t\t\t\t<div class=\"elementor-widget-container\">\n\t\t\t\t\t\t\t<div class=\"elementor-spacer\">\n\t\t\t<div class=\"elementor-spacer-inner\"><\/div>\n\t\t<\/div>\n\t\t\t\t\t\t<\/div>\n\t\t\t\t<\/div>\n\t\t\t\t<div class=\"vamtam-has-theme-widget-styles elementor-element elementor-element-6fab96b animated-fast elementor-invisible elementor-widget elementor-widget-heading\" data-id=\"6fab96b\" data-element_type=\"widget\" data-e-type=\"widget\" data-settings=\"{&quot;_animation&quot;:&quot;fadeIn&quot;,&quot;_animation_delay&quot;:100}\" data-widget_type=\"heading.default\">\n\t\t\t\t<div class=\"elementor-widget-container\">\n\t\t\t\t\t<h4 class=\"elementor-heading-title elementor-size-default\">Be\u015fikta\u015f \/ \u0130stanbul<\/h4>\t\t\t\t<\/div>\n\t\t\t\t<\/div>\n\t\t\t\t<div class=\"vamtam-has-theme-widget-styles elementor-element elementor-element-a814d0d animated-fast elementor-invisible elementor-widget elementor-widget-text-editor\" data-id=\"a814d0d\" data-element_type=\"widget\" data-e-type=\"widget\" data-settings=\"{&quot;_animation&quot;:&quot;fadeIn&quot;,&quot;_animation_delay&quot;:100}\" data-widget_type=\"text-editor.default\">\n\t\t\t\t<div class=\"elementor-widget-container\">\n\t\t\t\t\t\t\t\t\t<div>Boyal\u0131 K\u00f6\u015fk Sk. Yurt Apt. 11\/2,<\/div><div>Arnavutk\u00f6y, Be\u015fikta\u015f \/ \u0130stanbul<\/div>\t\t\t\t\t\t\t\t<\/div>\n\t\t\t\t<\/div>\n\t\t<div class=\"elementor-element elementor-element-6a02375 e-con-full animated-fast e-flex elementor-invisible e-con e-child\" data-id=\"6a02375\" data-element_type=\"container\" data-e-type=\"container\" data-settings=\"{&quot;animation&quot;:&quot;fadeIn&quot;,&quot;animation_delay&quot;:150}\">\n\t\t\t\t<div class=\"vamtam-has-theme-widget-styles elementor-element elementor-element-6e84295 vamtam-has-icon-styles blur-background  vamtam-has-icon-hover-anim elementor-widget__width-initial vamtam-has-underline-anim elementor-widget elementor-widget-button\" data-id=\"6e84295\" data-element_type=\"widget\" data-e-type=\"widget\" data-widget_type=\"button.default\">\n\t\t\t\t<div class=\"elementor-widget-container\">\n\t\t\t\t\t\t\t\t\t<div class=\"elementor-button-wrapper\">\n\t\t\t\t\t<a class=\"elementor-button elementor-button-link elementor-size-sm\" href=\"tel:0554%20268%2002%2087\">\n\t\t\t\t\t\t<span class=\"elementor-button-content-wrapper\">\n\t\t\t\t\t\t<span class=\"elementor-button-icon\">\n\t\t\t\t<i aria-hidden=\"true\" class=\"vamtamtheme- vamtam-theme-phone\"><\/i>\t\t\t<\/span>\n\t\t\t\t\t\t\t\t\t<span class=\"elementor-button-text\">0554 268 02 87<\/span>\n\t\t\t\t\t<\/span>\n\t\t\t\t\t<\/a>\n\t\t\t\t<\/div>\n\t\t\t\t\t\t\t\t<\/div>\n\t\t\t\t<\/div>\n\t\t\t\t<\/div>\n\t\t<div class=\"elementor-element elementor-element-4cc7847 e-con-full animated-fast e-flex elementor-invisible e-con e-child\" data-id=\"4cc7847\" data-element_type=\"container\" data-e-type=\"container\" data-settings=\"{&quot;animation&quot;:&quot;fadeIn&quot;,&quot;animation_delay&quot;:150}\">\n\t\t\t\t<div class=\"vamtam-has-theme-widget-styles elementor-element elementor-element-cfa8338 vamtam-has-icon-styles blur-background  vamtam-has-icon-hover-anim elementor-align-left vamtam-has-underline-anim elementor-widget elementor-widget-button\" data-id=\"cfa8338\" data-element_type=\"widget\" data-e-type=\"widget\" data-widget_type=\"button.default\">\n\t\t\t\t<div class=\"elementor-widget-container\">\n\t\t\t\t\t\t\t\t\t<div class=\"elementor-button-wrapper\">\n\t\t\t\t\t<a class=\"elementor-button elementor-button-link elementor-size-sm\" href=\"https:\/\/maps.app.goo.gl\/Tq3McgxZ8upRdnNP7\" target=\"_blank\">\n\t\t\t\t\t\t<span class=\"elementor-button-content-wrapper\">\n\t\t\t\t\t\t<span class=\"elementor-button-icon\">\n\t\t\t\t<i aria-hidden=\"true\" class=\"vamtamtheme- vamtam-theme-location\"><\/i>\t\t\t<\/span>\n\t\t\t\t\t\t\t\t\t<span class=\"elementor-button-text\">Boyal\u0131 K\u00f6\u015fk Sk. Yurt Apt. 11\/2, Arnavutk\u00f6y, Be\u015fikta\u015f \/ \u0130stanbul<\/span>\n\t\t\t\t\t<\/span>\n\t\t\t\t\t<\/a>\n\t\t\t\t<\/div>\n\t\t\t\t\t\t\t\t<\/div>\n\t\t\t\t<\/div>\n\t\t\t\t<\/div>\n\t\t<div class=\"elementor-element elementor-element-5c4b74f e-con-full animated-fast e-flex elementor-invisible e-con e-child\" data-id=\"5c4b74f\" data-element_type=\"container\" data-e-type=\"container\" data-settings=\"{&quot;animation&quot;:&quot;fadeIn&quot;,&quot;animation_delay&quot;:150}\">\n\t\t\t\t<div class=\"vamtam-has-theme-widget-styles elementor-element elementor-element-7dec120 vamtam-has-icon-styles blur-background  vamtam-has-icon-hover-anim elementor-widget__width-initial vamtam-has-underline-anim elementor-widget elementor-widget-button\" data-id=\"7dec120\" data-element_type=\"widget\" data-e-type=\"widget\" data-widget_type=\"button.default\">\n\t\t\t\t<div class=\"elementor-widget-container\">\n\t\t\t\t\t\t\t\t\t<div class=\"elementor-button-wrapper\">\n\t\t\t\t\t<a class=\"elementor-button elementor-button-link elementor-size-sm\" href=\"mailto:info@mutlulugusansabirakma.com?subject=Merhaba\">\n\t\t\t\t\t\t<span class=\"elementor-button-content-wrapper\">\n\t\t\t\t\t\t<span class=\"elementor-button-icon\">\n\t\t\t\t<i aria-hidden=\"true\" class=\"vamtamtheme- vamtam-theme-mail\"><\/i>\t\t\t<\/span>\n\t\t\t\t\t\t\t\t\t<span class=\"elementor-button-text\">info@mutlulugusansabirakma.com<\/span>\n\t\t\t\t\t<\/span>\n\t\t\t\t\t<\/a>\n\t\t\t\t<\/div>\n\t\t\t\t\t\t\t\t<\/div>\n\t\t\t\t<\/div>\n\t\t\t\t<\/div>\n\t\t\t\t<\/div>\n\t\t<div class=\"elementor-element elementor-element-2236058 e-con-full e-flex e-con e-child\" data-id=\"2236058\" data-element_type=\"container\" data-e-type=\"container\">\n\t\t<div class=\"elementor-element elementor-element-728a35a e-con-full e-flex e-con e-child\" data-id=\"728a35a\" data-element_type=\"container\" data-e-type=\"container\">\n\t\t<div class=\"elementor-element elementor-element-ea1b9d7 e-con-full e-flex e-con e-child\" data-id=\"ea1b9d7\" data-element_type=\"container\" data-e-type=\"container\">\n\t\t\t\t<div class=\"vamtam-has-theme-widget-styles elementor-element elementor-element-1be21f1 animated-fast elementor-invisible elementor-widget elementor-widget-heading\" data-id=\"1be21f1\" data-element_type=\"widget\" data-e-type=\"widget\" data-settings=\"{&quot;_animation&quot;:&quot;slideInUp&quot;}\" data-widget_type=\"heading.default\">\n\t\t\t\t<div class=\"elementor-widget-container\">\n\t\t\t\t\t<h2 class=\"elementor-heading-title elementor-size-default\">Bize Ula\u015f\u0131n<\/h2>\t\t\t\t<\/div>\n\t\t\t\t<\/div>\n\t\t\t\t<div class=\"vamtam-has-theme-widget-styles elementor-element elementor-element-f120671 elementor-button-align-start vamtam-has-btn-icon-styles vamtam-has-icon-hover-anim vamtam-has-underline-anim elementor-widget elementor-widget-form\" data-id=\"f120671\" data-element_type=\"widget\" data-e-type=\"widget\" data-settings=\"{&quot;step_next_label&quot;:&quot;Next&quot;,&quot;step_previous_label&quot;:&quot;Previous&quot;,&quot;button_width&quot;:&quot;100&quot;,&quot;step_type&quot;:&quot;number_text&quot;,&quot;step_icon_shape&quot;:&quot;circle&quot;}\" data-widget_type=\"form.default\">\n\t\t\t\t<div class=\"elementor-widget-container\">\n\t\t\t\t\t\t\t<form class=\"elementor-form\" method=\"post\" name=\"Contact us\" aria-label=\"Contact us\">\n\t\t\t<input type=\"hidden\" name=\"post_id\" value=\"102\"\/>\n\t\t\t<input type=\"hidden\" name=\"form_id\" value=\"f120671\"\/>\n\t\t\t<input type=\"hidden\" name=\"referer_title\" value=\"Mutlulu\u011fu \u015eansa B\u0131rakma\" \/>\n\n\t\t\t\n\t\t\t<div class=\"elementor-form-fields-wrapper elementor-labels-above\">\n\t\t\t\t\t\t\t\t<div class=\"elementor-field-type-text elementor-field-group elementor-column elementor-field-group-first_name_contact_us elementor-col-50 elementor-md-100 elementor-field-required\">\n\t\t\t\t\t\t\t\t\t\t\t\t<label for=\"form-field-first_name_contact_us\" class=\"elementor-field-label\">\n\t\t\t\t\t\t\t\t\u0130sim\t\t\t\t\t\t\t<\/label>\n\t\t\t\t\t\t\t\t\t\t\t\t\t\t<input size=\"1\" type=\"text\" name=\"form_fields[first_name_contact_us]\" id=\"form-field-first_name_contact_us\" class=\"elementor-field elementor-size-sm  elementor-field-textual\" required=\"required\">\n\t\t\t\t\t\t\t\t\t\t\t<\/div>\n\t\t\t\t\t\t\t\t<div class=\"elementor-field-type-text elementor-field-group elementor-column elementor-field-group-last_name_contact_us elementor-col-50 elementor-md-100 elementor-field-required\">\n\t\t\t\t\t\t\t\t\t\t\t\t<label for=\"form-field-last_name_contact_us\" class=\"elementor-field-label\">\n\t\t\t\t\t\t\t\tSoyisim\t\t\t\t\t\t\t<\/label>\n\t\t\t\t\t\t\t\t\t\t\t\t\t\t<input size=\"1\" type=\"text\" name=\"form_fields[last_name_contact_us]\" id=\"form-field-last_name_contact_us\" class=\"elementor-field elementor-size-sm  elementor-field-textual\" required=\"required\">\n\t\t\t\t\t\t\t\t\t\t\t<\/div>\n\t\t\t\t\t\t\t\t<div class=\"elementor-field-type-email elementor-field-group elementor-column elementor-field-group-email_contact_us elementor-col-100 elementor-field-required\">\n\t\t\t\t\t\t\t\t\t\t\t\t<label for=\"form-field-email_contact_us\" class=\"elementor-field-label\">\n\t\t\t\t\t\t\t\tEmail\t\t\t\t\t\t\t<\/label>\n\t\t\t\t\t\t\t\t\t\t\t\t\t\t<input size=\"1\" type=\"email\" name=\"form_fields[email_contact_us]\" id=\"form-field-email_contact_us\" class=\"elementor-field elementor-size-sm  elementor-field-textual\" required=\"required\">\n\t\t\t\t\t\t\t\t\t\t\t<\/div>\n\t\t\t\t\t\t\t\t<div class=\"elementor-field-type-tel elementor-field-group elementor-column elementor-field-group-tel_contact_us elementor-col-100 elementor-field-required\">\n\t\t\t\t\t\t\t\t\t\t\t\t<label for=\"form-field-tel_contact_us\" class=\"elementor-field-label\">\n\t\t\t\t\t\t\t\tTelefon\t\t\t\t\t\t\t<\/label>\n\t\t\t\t\t\t\t\t<input size=\"1\" type=\"tel\" name=\"form_fields[tel_contact_us]\" id=\"form-field-tel_contact_us\" class=\"elementor-field elementor-size-sm  elementor-field-textual\" required=\"required\" pattern=\"[0-9()#&amp;+*-=.]+\" title=\"Only numbers and phone characters (#, -, *, etc) are accepted.\">\n\n\t\t\t\t\t\t<\/div>\n\t\t\t\t\t\t\t\t<div class=\"elementor-field-type-textarea elementor-field-group elementor-column elementor-field-group-message_contact_us elementor-col-100\">\n\t\t\t\t\t\t\t\t\t\t\t\t<label for=\"form-field-message_contact_us\" class=\"elementor-field-label\">\n\t\t\t\t\t\t\t\tMesaj\u0131n\u0131z\t\t\t\t\t\t\t<\/label>\n\t\t\t\t\t\t<textarea class=\"elementor-field-textual elementor-field  elementor-size-sm\" name=\"form_fields[message_contact_us]\" id=\"form-field-message_contact_us\" rows=\"4\"><\/textarea>\t\t\t\t<\/div>\n\t\t\t\t\t\t\t\t<div class=\"elementor-field-group elementor-column elementor-field-type-submit elementor-col-100 e-form__buttons\">\n\t\t\t\t\t<button class=\"elementor-button elementor-size-md\" type=\"submit\">\n\t\t\t\t\t\t<span class=\"elementor-button-content-wrapper\">\n\t\t\t\t\t\t\t\t\t\t\t\t\t\t\t<span class=\"elementor-button-icon\">\n\t\t\t\t\t\t\t\t\t<i aria-hidden=\"true\" class=\"vamtamtheme- vamtam-theme-arrow-right\"><\/i>\t\t\t\t\t\t\t\t\t\t\t\t\t\t\t\t\t<\/span>\n\t\t\t\t\t\t\t\t\t\t\t\t\t\t\t\t\t\t\t\t\t\t<span class=\"elementor-button-text\">G\u00f6nder<\/span>\n\t\t\t\t\t\t\t\t\t\t\t\t\t<\/span>\n\t\t\t\t\t<\/button>\n\t\t\t\t<\/div>\n\t\t\t<\/div>\n\t\t<\/form>\n\t\t\t\t\t\t<\/div>\n\t\t\t\t<\/div>\n\t\t\t\t<\/div>\n\t\t\t\t<\/div>\n\t\t\t\t<\/div>\n\t\t\t\t\t<\/div>\n\t\t\t\t<\/div>\n\t\t\t\t<\/div>\n\t\t","protected":false},"excerpt":{"rendered":"<p>Be\u015fikta\u015f \/ \u0130stanbul Boyal\u0131 K\u00f6\u015fk Sk. Yurt Apt. 11\/2,Arnavutk\u00f6y, Be\u015fikta\u015f \/ \u0130stanbul 0554 268 02 87 Boyal\u0131 K\u00f6\u015fk Sk. Yurt Apt. 11\/2, Arnavutk\u00f6y, Be\u015fikta\u015f \/ \u0130stanbul info@mutlulugusansabirakma.com Bize Ula\u015f\u0131n<\/p>","protected":false},"author":1,"featured_media":0,"parent":0,"menu_order":0,"comment_status":"closed","ping_status":"closed","template":"","meta":{"inline_featured_image":false,"footnotes":""},"class_list":["post-102","page","type-page","status-publish","hentry"],"yoast_head":"<!-- This site is optimized with the Yoast SEO plugin v27.2 - https:\/\/yoast.com\/product\/yoast-seo-wordpress\/ -->\n<title>\u0130leti\u015fim - Mutlulu\u011fu \u015eansa B\u0131rakma<\/title>\n<meta name=\"robots\" content=\"index, follow, max-snippet:-1, max-image-preview:large, max-video-preview:-1\" \/>\n<link rel=\"canonical\" href=\"https:\/\/mutlulugusansabirakma.com\/en\/iletisim\/\" \/>\n<meta property=\"og:locale\" content=\"en_US\" \/>\n<meta property=\"og:type\" content=\"article\" \/>\n<meta property=\"og:title\" content=\"\u0130leti\u015fim - Mutlulu\u011fu \u015eansa B\u0131rakma\" \/>\n<meta property=\"og:description\" content=\"Be\u015fikta\u015f \/ \u0130stanbul Boyal\u0131 K\u00f6\u015fk Sk. Yurt Apt. 11\/2,Arnavutk\u00f6y, Be\u015fikta\u015f \/ \u0130stanbul 0554 268 02 87 Boyal\u0131 K\u00f6\u015fk Sk. Yurt Apt. 11\/2, Arnavutk\u00f6y, Be\u015fikta\u015f \/ \u0130stanbul info@mutlulugusansabirakma.com Bize Ula\u015f\u0131n\" \/>\n<meta property=\"og:url\" content=\"https:\/\/mutlulugusansabirakma.com\/en\/iletisim\/\" \/>\n<meta property=\"og:site_name\" content=\"Mutlulu\u011fu \u015eansa B\u0131rakma\" \/>\n<meta property=\"article:modified_time\" content=\"2026-04-22T08:19:07+00:00\" \/>\n<meta name=\"twitter:card\" content=\"summary_large_image\" \/>\n<meta name=\"twitter:label1\" content=\"Est. reading time\" \/>\n\t<meta name=\"twitter:data1\" content=\"1 minute\" \/>\n<script type=\"application\/ld+json\" class=\"yoast-schema-graph\">{\"@context\":\"https:\/\/schema.org\",\"@graph\":[{\"@type\":\"WebPage\",\"@id\":\"https:\/\/mutlulugusansabirakma.com\/iletisim\/\",\"url\":\"https:\/\/mutlulugusansabirakma.com\/iletisim\/\",\"name\":\"\u0130leti\u015fim - Mutlulu\u011fu \u015eansa B\u0131rakma\",\"isPartOf\":{\"@id\":\"https:\/\/mutlulugusansabirakma.com\/#website\"},\"datePublished\":\"2025-12-16T11:19:34+00:00\",\"dateModified\":\"2026-04-22T08:19:07+00:00\",\"breadcrumb\":{\"@id\":\"https:\/\/mutlulugusansabirakma.com\/iletisim\/#breadcrumb\"},\"inLanguage\":\"en-US\",\"potentialAction\":[{\"@type\":\"ReadAction\",\"target\":[\"https:\/\/mutlulugusansabirakma.com\/iletisim\/\"]}]},{\"@type\":\"BreadcrumbList\",\"@id\":\"https:\/\/mutlulugusansabirakma.com\/iletisim\/#breadcrumb\",\"itemListElement\":[{\"@type\":\"ListItem\",\"position\":1,\"name\":\"Anasayfa\",\"item\":\"https:\/\/mutlulugusansabirakma.com\/\"},{\"@type\":\"ListItem\",\"position\":2,\"name\":\"\u0130leti\u015fim\"}]},{\"@type\":\"WebSite\",\"@id\":\"https:\/\/mutlulugusansabirakma.com\/#website\",\"url\":\"https:\/\/mutlulugusansabirakma.com\/\",\"name\":\"Mutlulu\u011fu \u015eansa B\u0131rakma\",\"description\":\"Kendine D\u00f6n\u00fc\u015f Yolculu\u011fu\",\"publisher\":{\"@id\":\"https:\/\/mutlulugusansabirakma.com\/#organization\"},\"potentialAction\":[{\"@type\":\"SearchAction\",\"target\":{\"@type\":\"EntryPoint\",\"urlTemplate\":\"https:\/\/mutlulugusansabirakma.com\/?s={search_term_string}\"},\"query-input\":{\"@type\":\"PropertyValueSpecification\",\"valueRequired\":true,\"valueName\":\"search_term_string\"}}],\"inLanguage\":\"en-US\"},{\"@type\":\"Organization\",\"@id\":\"https:\/\/mutlulugusansabirakma.com\/#organization\",\"name\":\"Mutlulu\u011fu \u015eansa B\u0131rakma\",\"url\":\"https:\/\/mutlulugusansabirakma.com\/\",\"logo\":{\"@type\":\"ImageObject\",\"inLanguage\":\"en-US\",\"@id\":\"https:\/\/mutlulugusansabirakma.com\/#\/schema\/logo\/image\/\",\"url\":\"https:\/\/mutlulugusansabirakma.com\/wp-content\/uploads\/2025\/11\/MSB_Logo2.png\",\"contentUrl\":\"https:\/\/mutlulugusansabirakma.com\/wp-content\/uploads\/2025\/11\/MSB_Logo2.png\",\"width\":1847,\"height\":946,\"caption\":\"Mutlulu\u011fu \u015eansa B\u0131rakma\"},\"image\":{\"@id\":\"https:\/\/mutlulugusansabirakma.com\/#\/schema\/logo\/image\/\"}}]}<\/script>\n<!-- \/ Yoast SEO plugin. -->","yoast_head_json":{"title":"\u0130leti\u015fim - Mutlulu\u011fu \u015eansa B\u0131rakma","robots":{"index":"index","follow":"follow","max-snippet":"max-snippet:-1","max-image-preview":"max-image-preview:large","max-video-preview":"max-video-preview:-1"},"canonical":"https:\/\/mutlulugusansabirakma.com\/en\/iletisim\/","og_locale":"en_US","og_type":"article","og_title":"\u0130leti\u015fim - Mutlulu\u011fu \u015eansa B\u0131rakma","og_description":"Be\u015fikta\u015f \/ \u0130stanbul Boyal\u0131 K\u00f6\u015fk Sk. Yurt Apt. 11\/2,Arnavutk\u00f6y, Be\u015fikta\u015f \/ \u0130stanbul 0554 268 02 87 Boyal\u0131 K\u00f6\u015fk Sk. Yurt Apt. 11\/2, Arnavutk\u00f6y, Be\u015fikta\u015f \/ \u0130stanbul info@mutlulugusansabirakma.com Bize Ula\u015f\u0131n","og_url":"https:\/\/mutlulugusansabirakma.com\/en\/iletisim\/","og_site_name":"Mutlulu\u011fu \u015eansa B\u0131rakma","article_modified_time":"2026-04-22T08:19:07+00:00","twitter_card":"summary_large_image","twitter_misc":{"Est. reading time":"1 minute"},"schema":{"@context":"https:\/\/schema.org","@graph":[{"@type":"WebPage","@id":"https:\/\/mutlulugusansabirakma.com\/iletisim\/","url":"https:\/\/mutlulugusansabirakma.com\/iletisim\/","name":"\u0130leti\u015fim - Mutlulu\u011fu \u015eansa B\u0131rakma","isPartOf":{"@id":"https:\/\/mutlulugusansabirakma.com\/#website"},"datePublished":"2025-12-16T11:19:34+00:00","dateModified":"2026-04-22T08:19:07+00:00","breadcrumb":{"@id":"https:\/\/mutlulugusansabirakma.com\/iletisim\/#breadcrumb"},"inLanguage":"en-US","potentialAction":[{"@type":"ReadAction","target":["https:\/\/mutlulugusansabirakma.com\/iletisim\/"]}]},{"@type":"BreadcrumbList","@id":"https:\/\/mutlulugusansabirakma.com\/iletisim\/#breadcrumb","itemListElement":[{"@type":"ListItem","position":1,"name":"Anasayfa","item":"https:\/\/mutlulugusansabirakma.com\/"},{"@type":"ListItem","position":2,"name":"\u0130leti\u015fim"}]},{"@type":"WebSite","@id":"https:\/\/mutlulugusansabirakma.com\/#website","url":"https:\/\/mutlulugusansabirakma.com\/","name":"Don't Leave Happiness To Chance","description":"Journey of Self-Return","publisher":{"@id":"https:\/\/mutlulugusansabirakma.com\/#organization"},"potentialAction":[{"@type":"SearchAction","target":{"@type":"EntryPoint","urlTemplate":"https:\/\/mutlulugusansabirakma.com\/?s={search_term_string}"},"query-input":{"@type":"PropertyValueSpecification","valueRequired":true,"valueName":"search_term_string"}}],"inLanguage":"en-US"},{"@type":"Organization","@id":"https:\/\/mutlulugusansabirakma.com\/#organization","name":"Don't Leave Happiness To Chance","url":"https:\/\/mutlulugusansabirakma.com\/","logo":{"@type":"ImageObject","inLanguage":"en-US","@id":"https:\/\/mutlulugusansabirakma.com\/#\/schema\/logo\/image\/","url":"https:\/\/mutlulugusansabirakma.com\/wp-content\/uploads\/2025\/11\/MSB_Logo2.png","contentUrl":"https:\/\/mutlulugusansabirakma.com\/wp-content\/uploads\/2025\/11\/MSB_Logo2.png","width":1847,"height":946,"caption":"Mutlulu\u011fu \u015eansa B\u0131rakma"},"image":{"@id":"https:\/\/mutlulugusansabirakma.com\/#\/schema\/logo\/image\/"}}]}},"_links":{"self":[{"href":"https:\/\/mutlulugusansabirakma.com\/en\/wp-json\/wp\/v2\/pages\/102","targetHints":{"allow":["GET"]}}],"collection":[{"href":"https:\/\/mutlulugusansabirakma.com\/en\/wp-json\/wp\/v2\/pages"}],"about":[{"href":"https:\/\/mutlulugusansabirakma.com\/en\/wp-json\/wp\/v2\/types\/page"}],"author":[{"embeddable":true,"href":"https:\/\/mutlulugusansabirakma.com\/en\/wp-json\/wp\/v2\/users\/1"}],"replies":[{"embeddable":true,"href":"https:\/\/mutlulugusansabirakma.com\/en\/wp-json\/wp\/v2\/comments?post=102"}],"version-history":[{"count":108,"href":"https:\/\/mutlulugusansabirakma.com\/en\/wp-json\/wp\/v2\/pages\/102\/revisions"}],"predecessor-version":[{"id":989326,"href":"https:\/\/mutlulugusansabirakma.com\/en\/wp-json\/wp\/v2\/pages\/102\/revisions\/989326"}],"wp:attachment":[{"href":"https:\/\/mutlulugusansabirakma.com\/en\/wp-json\/wp\/v2\/media?parent=102"}],"curies":[{"name":"wp","href":"https:\/\/api.w.org\/{rel}","templated":true}]}}